{"id":760,"date":"2025-03-12T17:15:06","date_gmt":"2025-03-12T16:15:06","guid":{"rendered":"https:\/\/www.freiklang.at\/_test\/?page_id=760"},"modified":"2025-03-13T11:42:14","modified_gmt":"2025-03-13T10:42:14","slug":"was-ist-freiklang","status":"publish","type":"page","link":"https:\/\/www.freiklang.at\/aktuell\/?page_id=760","title":{"rendered":"was ist frei.klang?"},"content":{"rendered":"\n<h2 class=\"wp-block-heading has-medium-font-size\">Es hat sich an der Grund- und Gr\u00fcnderidee seit 2006 nichts ge\u00e4ndert:<\/h2>\n\n\n\n<p><strong>frei.klang&nbsp;ist:<\/strong><br>&nbsp; &nbsp; <strong>DAS&nbsp;<\/strong>Konzert f\u00fcr alle, die gerne Musik machen<br>&nbsp; &nbsp; <strong>DIE&nbsp;<\/strong>Auftrittsm\u00f6glichkeit f\u00fcr alle, die ihre Musik vor Publikum darbieten wollen<br>&nbsp; &nbsp; <strong>DER&nbsp;<\/strong>Termin f\u00fcr alle Hobbymusiker:innen<br>&nbsp; &nbsp; <strong>EIN&nbsp;<\/strong>unvergessliches Erlebnis f\u00fcr alle Zuh\u00f6rer:innen<\/p>\n\n\n\n<p><strong>frei.klang<\/strong>\u00a0ist die Plattform f\u00fcr Musiker:innen, die sonst nicht die M\u00f6glichkeit haben, vor einem gr\u00f6\u00dferen Publikum aufzutreten<br><br><strong>frei.klang<\/strong>\u00a0ist ausschlie\u00dflich f\u00fcr Amateurmusiker:innen<\/p>\n","protected":false},"excerpt":{"rendered":"<p>Es hat sich an der Grund- und Gr\u00fcnderidee seit 2006 nichts ge\u00e4ndert: frei.klang&nbsp;ist:&nbsp; &nbsp; DAS&nbsp;Konzert&hellip;<\/p>\n","protected":false},"author":1,"featured_media":0,"parent":0,"menu_order":0,"comment_status":"closed","ping_status":"closed","template":"","meta":{"pgc_sgb_lightbox_settings":"","footnotes":""},"class_list":["post-760","page","type-page","status-publish","hentry"],"_links":{"self":[{"href":"https:\/\/www.freiklang.at\/aktuell\/index.php?rest_route=\/wp\/v2\/pages\/760","targetHints":{"allow":["GET"]}}],"collection":[{"href":"https:\/\/www.freiklang.at\/aktuell\/index.php?rest_route=\/wp\/v2\/pages"}],"about":[{"href":"https:\/\/www.freiklang.at\/aktuell\/index.php?rest_route=\/wp\/v2\/types\/page"}],"author":[{"embeddable":true,"href":"https:\/\/www.freiklang.at\/aktuell\/index.php?rest_route=\/wp\/v2\/users\/1"}],"replies":[{"embeddable":true,"href":"https:\/\/www.freiklang.at\/aktuell\/index.php?rest_route=%2Fwp%2Fv2%2Fcomments&post=760"}],"version-history":[{"count":0,"href":"https:\/\/www.freiklang.at\/aktuell\/index.php?rest_route=\/wp\/v2\/pages\/760\/revisions"}],"wp:attachment":[{"href":"https:\/\/www.freiklang.at\/aktuell\/index.php?rest_route=%2Fwp%2Fv2%2Fmedia&parent=760"}],"curies":[{"name":"wp","href":"https:\/\/api.w.org\/{rel}","templated":true}]}}