{"id":714,"date":"2025-03-12T14:50:48","date_gmt":"2025-03-12T13:50:48","guid":{"rendered":"https:\/\/www.freiklang.at\/_test\/?page_id=714"},"modified":"2026-05-05T19:38:19","modified_gmt":"2026-05-05T17:38:19","slug":"teilnahmeregeln","status":"publish","type":"page","link":"https:\/\/www.freiklang.at\/aktuell\/?page_id=714","title":{"rendered":"Teilnahmeregeln"},"content":{"rendered":"\n<p><strong>frei.klang &#8211; Teilnahmeregeln f\u00fcr Bands\/Musiker:innen<\/strong><br><br>Die bisherigen frei.klang-Veranstaltungen haben gezeigt, dass ein geordneter Ablauf der Veranstaltung auch ohne schriftlich fixierte Teilnahmebedingungen gew\u00e4hrleistet werden kann. Um etwaigen Missverst\u00e4ndnissen vorzubeugen, wurden dennoch einige Regeln aufgestellt. Jede:r<em> <\/em>Teilnehmer:in stimmt diesen Teilnahmebedingungen freiwillig und vollinhaltlich zu. Die M\u00f6glichkeit zur Vereinbarung von Sonderregelungen ist nicht vorgesehen.<br><br><strong>frei.klang \u2013 Die Idee<\/strong><\/p>\n\n\n\n<ul class=\"wp-block-list\">\n<li>frei.klang ist eine Plattform f\u00fcr Amateurmusiker:innen.<\/li>\n\n\n\n<li>Das Vortragen von Playback-Darbietungen ist nicht gestattet.<\/li>\n\n\n\n<li>Es besteht kein Rechtsanspruch auf die aktive Teilnahme an einer frei.klang-Veranstaltung. \u00dcber die Teilnahme entscheidet der Vorstand.<\/li>\n\n\n\n<li>Mindestens ein Bandmitglied muss Mitglied des Vereins frei.klang sein.<\/li>\n<\/ul>\n\n\n\n<p><strong>frei.klang \u2013 Vor der Veranstaltung<\/strong><\/p>\n\n\n\n<ul class=\"wp-block-list\">\n<li>Jede Band\/jede:r Musiker:in muss rechtzeitig vor der Veranstaltung eine Liste der Musiker:innen sowie der verwendeten Instrumente inkl. deren Anschlussspezifikationen einreichen.<\/li>\n\n\n\n<li>Die Reihenfolge der Auftritte wird vom frei.klang-Vorstand festgelegt und kann nicht angefochten werden.<\/li>\n\n\n\n<li>Die Auftrittsdauer wird vom frei.klang-Vorstand festgelegt und ist unbedingt einzuhalten.<\/li>\n<\/ul>\n\n\n\n<p><strong>frei.klang \u2013 W\u00e4hrend der Veranstaltung <\/strong><\/p>\n\n\n\n<ul class=\"wp-block-list\">\n<li>Es gibt keine Zugaben (strikter Zeitplan). <\/li>\n\n\n\n<li>Es wird empfohlen, nach M\u00f6glichkeit Equipment von mehreren Bands zu verwenden, um eine \u00dcberf\u00fclle an Equipment auf der B\u00fchne zu vermeiden und die Umbauzeiten kurz zu halten. Dies betrifft insbesondere das Schlagzeug und den Verst\u00e4rker.<\/li>\n\n\n\n<li>frei.klang \u00fcbernimmt keinerlei Haftung f\u00fcr Musiker:innen-Equipment.<\/li>\n\n\n\n<li>Es ist nicht vorgesehen, dass die Bands ihre eigenen Tontechniker:innen mitbringen.<\/li>\n<\/ul>\n\n\n\n<p><strong>frei.klang \u2013 Nach der Veranstaltung <\/strong><\/p>\n\n\n\n<ul class=\"wp-block-list\">\n<li>Pers\u00f6nliches Equipment (Instrumente, Mikrofone, Verst\u00e4rker etc.) ist unmittelbar nach dem Auftritt von der B\u00fchne zu entfernen. <\/li>\n\n\n\n<li>Alle Teilnehmer:innen stimmen mit ihrer Teilnahme zu, dass Bild- und Tonmaterial der Veranstaltung auf der Website www.freiklang.at ver\u00f6ffentlicht werden darf.<\/li>\n<\/ul>\n\n\n\n<p><strong>frei.klang \u2013 Finanzielles<\/strong><\/p>\n\n\n\n<ul class=\"wp-block-list\">\n<li>Die aktive Teilnahme an frei.klang erfolgt auf eigene Kosten (Anreise, Aufenthalt etc.).<\/li>\n\n\n\n<li>Die Einnahmen jeder frei.klang-Veranstaltung flie\u00dfen 1:1 in die Vereinskasse. <\/li>\n\n\n\n<li>Aktive Teilnehmer:innen haben keinen Rechtsanspruch auf Einnahmen der Veranstaltung (Spenden, Eintrittsgelder etc.).<\/li>\n\n\n\n<li>Es wird darauf hingewiesen, dass f\u00fcr die Teilnahme an den frei.klang-Veranstaltungen keine Gagen oder sonstige finanzielle Aufwandsentsch\u00e4digungen vorgesehen sind.<\/li>\n<\/ul>\n\n\n\n<p>Sollten irgendwelche Sonderregelungen gew\u00fcnscht oder notwendig sein, m\u00fcssen diese unbedingt im Vorfeld mit dem Vorstand abgestimmt werden!<\/p>\n","protected":false},"excerpt":{"rendered":"<p>frei.klang &#8211; Teilnahmeregeln f\u00fcr Bands\/Musiker:innen Die bisherigen frei.klang-Veranstaltungen haben gezeigt, dass ein geordneter Ablauf der&hellip;<\/p>\n","protected":false},"author":1,"featured_media":0,"parent":0,"menu_order":0,"comment_status":"closed","ping_status":"closed","template":"","meta":{"pgc_sgb_lightbox_settings":"","footnotes":""},"class_list":["post-714","page","type-page","status-publish","hentry"],"_links":{"self":[{"href":"https:\/\/www.freiklang.at\/aktuell\/index.php?rest_route=\/wp\/v2\/pages\/714","targetHints":{"allow":["GET"]}}],"collection":[{"href":"https:\/\/www.freiklang.at\/aktuell\/index.php?rest_route=\/wp\/v2\/pages"}],"about":[{"href":"https:\/\/www.freiklang.at\/aktuell\/index.php?rest_route=\/wp\/v2\/types\/page"}],"author":[{"embeddable":true,"href":"https:\/\/www.freiklang.at\/aktuell\/index.php?rest_route=\/wp\/v2\/users\/1"}],"replies":[{"embeddable":true,"href":"https:\/\/www.freiklang.at\/aktuell\/index.php?rest_route=%2Fwp%2Fv2%2Fcomments&post=714"}],"version-history":[{"count":2,"href":"https:\/\/www.freiklang.at\/aktuell\/index.php?rest_route=\/wp\/v2\/pages\/714\/revisions"}],"predecessor-version":[{"id":1286,"href":"https:\/\/www.freiklang.at\/aktuell\/index.php?rest_route=\/wp\/v2\/pages\/714\/revisions\/1286"}],"wp:attachment":[{"href":"https:\/\/www.freiklang.at\/aktuell\/index.php?rest_route=%2Fwp%2Fv2%2Fmedia&parent=714"}],"curies":[{"name":"wp","href":"https:\/\/api.w.org\/{rel}","templated":true}]}}