{"id":191,"date":"2025-03-12T11:10:16","date_gmt":"2025-03-12T10:10:16","guid":{"rendered":"https:\/\/www.freiklang.at\/_test\/?page_id=191"},"modified":"2026-05-05T19:42:59","modified_gmt":"2026-05-05T17:42:59","slug":"verein","status":"publish","type":"page","link":"https:\/\/www.freiklang.at\/aktuell\/?page_id=191","title":{"rendered":"Verein"},"content":{"rendered":"\n<p><strong>frei.klang &#8211; Jahr 2025<\/strong><\/p>\n\n\n\n<p>Am 1. April 2025 wurde im Avalon Kultur (Pfeilgasse 27, 1080 Wien) die frei.klang\u00a0&#8211; Mitgliederversammlung abgehalten.<\/p>\n\n\n\n<p>Es wurde der neue Vorstand einstimmig gew\u00e4hlt:<\/p>\n\n\n\n<figure class=\"wp-block-table\"><table class=\"has-fixed-layout\"><tbody><tr><td>Johannes SCHL\u00d6GL <\/td><td>Obmann und Kassier Stellvertreter<\/td><\/tr><tr><td>Andi HERNECEK<\/td><td>Kassier und Obmann Stellvertreter<\/td><\/tr><tr><td>Martin S\u00d6LLNER<\/td><td>Schriftf\u00fchrer<\/td><\/tr><tr><td>Veronika SCHL\u00d6GL-REITTER <\/td><td>Schriftf\u00fchrer Stellvertreterin<\/td><\/tr><\/tbody><\/table><\/figure>\n\n\n\n<p>Es wurde der Rechenschaftsbericht 2023 und 2024 vorgelegt und einstimmig angenommen.<\/p>\n\n\n\n<p>Und hier der neue Vereinsregisterauszug: <a href=\"https:\/\/www.freiklang.at\/vereinsregisterauszug_2026.pdf\">https:\/\/www.freiklang.at\/vereinsregisterauszug_2026.pdf<\/a><\/p>\n\n\n\n<p><\/p>\n\n\n\n<hr class=\"wp-block-separator has-alpha-channel-opacity\"\/>\n\n\n\n<p><strong>frei.klang &#8211; Jahr 2022<\/strong><\/p>\n\n\n\n<p>Am 15. J\u00e4nner 2022 fand im little stage die&nbsp;frei.klang&nbsp;&#8211; Generalversammlung 2022 statt.<br>Es wurde u.a. der neue&nbsp;frei.klang&nbsp;&#8211; Vorstand gem. Wahlvorschlag einstimmig gew\u00e4hlt:<\/p>\n\n\n\n<figure class=\"wp-block-table\"><table class=\"has-fixed-layout\"><tbody><tr><td>Andi HERNECEK<\/td><td>Obmann<\/td><\/tr><tr><td>Martin S\u00d6LLNER<\/td><td>Stv. Obmann<\/td><\/tr><tr><td>Johann WEICHSELBAUM<\/td><td>Kassier<\/td><\/tr><tr><td>Pia HERNECEK<\/td><td>Stv. Kassierin<\/td><\/tr><tr><td>Johannes SCHL\u00d6GL &nbsp; &nbsp;<\/td><td>Schriftf\u00fchrer<\/td><\/tr><tr><td>Veronika SCHL\u00d6GL-REITTER &nbsp; &nbsp; &nbsp;<\/td><td>Schriftf\u00fchrer Stellvertreterin<\/td><\/tr><\/tbody><\/table><\/figure>\n\n\n\n<hr class=\"wp-block-separator has-alpha-channel-opacity\"\/>\n\n\n\n<p><strong>frei.klang &#8211; Jahr 2020 &#8211; 2021<\/strong><\/p>\n\n\n\n<p>Auf Grund der Coronakrise konnten in diesen beiden Jahren leider keinerlei Aktivit\u00e4ten (Versammlungen, Konzerte, &#8230;) stattfinden.<\/p>\n\n\n\n<hr class=\"wp-block-separator has-alpha-channel-opacity\"\/>\n\n\n\n<p><strong>frei.klang &#8211; Jahr 2019<\/strong><\/p>\n\n\n\n<p>Nach elf\u00a0frei.klang-Veranstaltungen, an den unterschiedlichsten Orten, hat 2016 das letzte freiklang im Bamkraxler (auch den gibts nicht mehr) stattgefunden.<br>Seit damals bin ich immer wieder darauf angesprochen worden, ob man das nicht wieder aufleben lassen kann.<br>Nachdem die Veranstaltung mehr oder weniger von mir in allen Belangen gemanagt wurde, wollte und konnte ich das, auch wegen des immer gr\u00f6\u00dferen Zuspruchs, nicht mehr alleine machen.<\/p>\n\n\n\n<p>Aus diesem Grund haben wir am 4. Oktober 2019 den Verein<\/p>\n\n\n\n<figure class=\"wp-block-image\"><img decoding=\"async\" src=\"https:\/\/www.freiklang.at\/freiklang25\/image\/logo.jpg\" alt=\"frei.klang\nmusik mit &amp; f\u00fcr uns\"\/><\/figure>\n\n\n\n<p>gegr\u00fcndet, um&nbsp;frei.klang&nbsp;auf eine breitere Basis zu stellen und etwas anders zu organisieren (Aufteilung der Verantwortlichkeiten, Verkleinerung des finanziellen Risikos, Ausweitung der Aktivit\u00e4ten, Einbringen neuer Ideen, &#8230;).<\/p>\n\n\n\n<p>Dabei hat sich an der Grund- und Gr\u00fcnderidee seit 2006 nichts ge\u00e4ndert:<\/p>\n\n\n\n<p><strong>frei.klang&nbsp;ist:<\/strong><br>&nbsp; &nbsp; <strong>DAS&nbsp;<\/strong>Konzert f\u00fcr alle, die gerne Musik machen<br>&nbsp; &nbsp; <strong>DIE&nbsp;<\/strong>Auftrittsm\u00f6glichkeit f\u00fcr alle, die ihre Musik vor Publikum darbieten wollen<br>&nbsp; &nbsp; <strong>DER&nbsp;<\/strong>Termin f\u00fcr alle Hobbymusiker:innen<br>&nbsp; &nbsp; <strong>EIN&nbsp;<\/strong>unvergessliches Erlebnis f\u00fcr alle Zuh\u00f6rer:innen<\/p>\n\n\n\n<p><strong>frei.klang<\/strong>&nbsp;ist die Plattform f\u00fcr Musiker:innen, die sonst nicht die M\u00f6glichkeit haben, vor einem gr\u00f6\u00dferen Publikum aufzutreten.<br><br><strong>frei.klang<\/strong>&nbsp;ist ausschlie\u00dflich f\u00fcr Amateurmusiker:innen<\/p>\n\n\n\n<hr class=\"wp-block-separator has-alpha-channel-opacity\"\/>\n\n\n\n<p>Wir, das Gr\u00fcnderinnen:team (= Vereinsvorstand), das sind (ohne Titel):<\/p>\n\n\n\n<figure class=\"wp-block-table\"><table class=\"has-fixed-layout\"><tbody><tr><td>Andi HERNECEK<\/td><td>Obmann<\/td><\/tr><tr><td>Martin S\u00d6LLNER<\/td><td>Stv. Obmann<\/td><\/tr><tr><td>Pia HERNECEK<\/td><td>Kassierin<\/td><\/tr><tr><td>Laura HERNECEK<\/td><td>Stv. Kassierin<\/td><\/tr><tr><td>Johannes SCHL\u00d6GL &nbsp; &nbsp;<\/td><td>Schriftf\u00fchrer<\/td><\/tr><tr><td>Emmi HERNECEK<\/td><td>Stv. Schriftf\u00fchrerin<\/td><\/tr><\/tbody><\/table><\/figure>\n\n\n\n<p>Der Verein, dessen T\u00e4tigkeit nicht auf Gewinn ausgerichtet ist, bezweckt:<\/p>\n\n\n\n<ul class=\"wp-block-list\">\n<li>F\u00f6rderung und Aus\u00fcbung von musikalischen Darbietungen seiner Mitglieder<\/li>\n\n\n\n<li>Motivation zur Reaktivierung von brachliegenden musikalischen F\u00e4higkeiten<\/li>\n\n\n\n<li>Generations\u00fcbergreifende T\u00e4tigkeit im Rahmen von Musikdarbietungen<\/li>\n\n\n\n<li>F\u00f6rderung des privaten gemeinsamen Musizierens<\/li>\n\n\n\n<li>Hilfestellung in allen Bereichen musikalischer T\u00e4tigkeiten<\/li>\n\n\n\n<li>Zur Verf\u00fcgung stellen von notwendiger Infrastruktur f\u00fcr Musikdarbietungen<\/li>\n<\/ul>\n\n\n\n<hr class=\"wp-block-separator has-alpha-channel-opacity\"\/>\n\n\n\n<p>Der Mitgliedsbeitrag betr\u00e4gt (Stand 2023) \u20ac 25,-<br>Gerne kannst du nat\u00fcrlich auch mehr geben.<br>Mit dem Mitgliedsbeitrag bzw. den Spenden werden die notwendig anfallenden Kosten abgedeckt (haupts\u00e4chlich f\u00fcr die Hauptveranstaltung im Sommer), das sind u.a. Werbung, Lokalmiete, Anlagenmiete, AKM, Tontechnik, Versicherungen, &#8230;<\/p>\n\n\n\n<p>Mitglied werden kannst du per Mail (<mark style=\"background-color:rgba(0, 0, 0, 0)\" class=\"has-inline-color has-vivid-red-color\">verein[at]freiklang.at<\/mark>)<br><br>oder online:<\/p>\n\n\n\n<h6 class=\"wp-block-heading has-medium-font-size\"><a href=\"https:\/\/www.freiklang.at\/\/?p=199\" data-type=\"link\" data-id=\"https:\/\/www.freiklang.at\/\/?p=199\">Mitglied werden<\/a><\/h6>\n\n\n\n<p>Bei Fragen wende dich bitte direkt an uns.<\/p>\n\n\n\n<p>Information \u00fcber den Verein kannst du in den Vereinsstatuten nachlesen (<a href=\"https:\/\/www.freiklang.at\/freiklang_statuten_12_2019.pdf\">download &#8211; pdf<\/a>)<\/p>\n\n\n\n<hr class=\"wp-block-separator has-alpha-channel-opacity\"\/>\n\n\n\n<p class=\"has-text-align-center\"><strong>Dass dieses Konzept richtig ist und sicherlich Zukunft hat &#8211; das haben wir bereits im Zuge der vergangenen Veranstaltungen gesehen<\/strong><\/p>\n\n\n\n<p>Und ich freue mich, dass die Idee&nbsp;frei.klang&nbsp;weiter leben wird!<br><br>Euer Obmann<\/p>\n\n\n\n<hr class=\"wp-block-separator has-alpha-channel-opacity\"\/>\n\n\n\n<p class=\"has-text-align-center\">frei.klang &#8211; Wien, M\u00e4rz 2025<\/p>\n\n\n<div class=\"wp-block-image\">\n<figure class=\"aligncenter size-full is-resized\"><a href=\"https:\/\/www.freiklang.at\/aktuell\/wp-admin\/\"><img loading=\"lazy\" decoding=\"async\" width=\"676\" height=\"546\" src=\"https:\/\/www.freiklang.at\/\/wp-content\/uploads\/2025\/03\/schloss.png\" alt=\"\" class=\"wp-image-919\" style=\"aspect-ratio:1;width:42px;height:auto\" srcset=\"https:\/\/www.freiklang.at\/aktuell\/wp-content\/uploads\/2025\/03\/schloss.png 676w, https:\/\/www.freiklang.at\/aktuell\/wp-content\/uploads\/2025\/03\/schloss-300x242.png 300w\" sizes=\"auto, (max-width: 676px) 100vw, 676px\" \/><\/a><\/figure>\n<\/div>","protected":false},"excerpt":{"rendered":"<p>frei.klang &#8211; Jahr 2025 Am 1. April 2025 wurde im Avalon Kultur (Pfeilgasse 27, 1080&hellip;<\/p>\n","protected":false},"author":1,"featured_media":0,"parent":0,"menu_order":0,"comment_status":"closed","ping_status":"closed","template":"","meta":{"pgc_sgb_lightbox_settings":"","footnotes":""},"class_list":["post-191","page","type-page","status-publish","hentry"],"_links":{"self":[{"href":"https:\/\/www.freiklang.at\/aktuell\/index.php?rest_route=\/wp\/v2\/pages\/191","targetHints":{"allow":["GET"]}}],"collection":[{"href":"https:\/\/www.freiklang.at\/aktuell\/index.php?rest_route=\/wp\/v2\/pages"}],"about":[{"href":"https:\/\/www.freiklang.at\/aktuell\/index.php?rest_route=\/wp\/v2\/types\/page"}],"author":[{"embeddable":true,"href":"https:\/\/www.freiklang.at\/aktuell\/index.php?rest_route=\/wp\/v2\/users\/1"}],"replies":[{"embeddable":true,"href":"https:\/\/www.freiklang.at\/aktuell\/index.php?rest_route=%2Fwp%2Fv2%2Fcomments&post=191"}],"version-history":[{"count":14,"href":"https:\/\/www.freiklang.at\/aktuell\/index.php?rest_route=\/wp\/v2\/pages\/191\/revisions"}],"predecessor-version":[{"id":1288,"href":"https:\/\/www.freiklang.at\/aktuell\/index.php?rest_route=\/wp\/v2\/pages\/191\/revisions\/1288"}],"wp:attachment":[{"href":"https:\/\/www.freiklang.at\/aktuell\/index.php?rest_route=%2Fwp%2Fv2%2Fmedia&parent=191"}],"curies":[{"name":"wp","href":"https:\/\/api.w.org\/{rel}","templated":true}]}}